{"id":1197,"date":"2026-03-06T06:02:32","date_gmt":"2026-03-06T12:02:32","guid":{"rendered":"https:\/\/homeclaimnetwork.com\/?page_id=1197"},"modified":"2026-03-06T06:24:30","modified_gmt":"2026-03-06T12:24:30","slug":"contractors-partnership-2","status":"publish","type":"page","link":"https:\/\/homeclaimnetwork.com\/es\/contractors-partnership-2\/","title":{"rendered":"Asociaci\u00f3n de Contratistas"},"content":{"rendered":"<div data-elementor-type=\"wp-page\" data-elementor-id=\"1197\" class=\"elementor elementor-1197\">\n\t\t\t\t\t\t<section class=\"elementor-section elementor-top-section elementor-element elementor-element-2d9c718 elementor-section-boxed elementor-section-height-default elementor-section-height-default\" data-id=\"2d9c718\" data-element_type=\"section\" data-e-type=\"section\">\n\t\t\t\t\t\t<div class=\"elementor-container elementor-column-gap-default\">\n\t\t\t\t\t<div class=\"elementor-column elementor-col-100 elementor-top-column elementor-element elementor-element-b6f09ac\" data-id=\"b6f09ac\" data-element_type=\"column\" data-e-type=\"column\">\n\t\t\t<div class=\"elementor-widget-wrap elementor-element-populated\">\n\t\t\t\t\t\t<div class=\"elementor-element elementor-element-2781443 elementor-widget elementor-widget-heading\" data-id=\"2781443\" data-element_type=\"widget\" data-e-type=\"widget\" data-widget_type=\"heading.default\">\n\t\t\t\t<div class=\"elementor-widget-container\">\n\t\t\t\t\t<h2 class=\"elementor-heading-title elementor-size-default\">Apoy\u00e1ndole en la recuperaci\u00f3n de su reclamaci\u00f3n de seguro<\/h2>\t\t\t\t<\/div>\n\t\t\t\t<\/div>\n\t\t\t\t<div class=\"elementor-element elementor-element-4d31c7f elementor-widget elementor-widget-text-editor\" data-id=\"4d31c7f\" data-element_type=\"widget\" data-e-type=\"widget\" data-widget_type=\"text-editor.default\">\n\t\t\t\t<div class=\"elementor-widget-container\">\n\t\t\t\t\t\t\t\t\t<p><span style=\"font-weight: 400;\">Home Claim Network fue creado para apoyarlo a usted, a su cliente y a su negocio.<\/span><\/p>\t\t\t\t\t\t\t\t<\/div>\n\t\t\t\t<\/div>\n\t\t\t\t\t<\/div>\n\t\t<\/div>\n\t\t\t\t\t<\/div>\n\t\t<\/section>\n\t\t\t\t<\/div>","protected":false},"excerpt":{"rendered":"<p>Supporting You Through Your Insurance Claim Recovery Home Claim Network was built to support you, your client, and your business!<\/p>","protected":false},"author":1,"featured_media":0,"parent":0,"menu_order":0,"comment_status":"closed","ping_status":"closed","template":"","meta":{"_acf_changed":false,"footnotes":""},"class_list":["post-1197","page","type-page","status-publish","hentry"],"acf":[],"_links":{"self":[{"href":"https:\/\/homeclaimnetwork.com\/es\/wp-json\/wp\/v2\/pages\/1197","targetHints":{"allow":["GET"]}}],"collection":[{"href":"https:\/\/homeclaimnetwork.com\/es\/wp-json\/wp\/v2\/pages"}],"about":[{"href":"https:\/\/homeclaimnetwork.com\/es\/wp-json\/wp\/v2\/types\/page"}],"author":[{"embeddable":true,"href":"https:\/\/homeclaimnetwork.com\/es\/wp-json\/wp\/v2\/users\/1"}],"replies":[{"embeddable":true,"href":"https:\/\/homeclaimnetwork.com\/es\/wp-json\/wp\/v2\/comments?post=1197"}],"version-history":[{"count":6,"href":"https:\/\/homeclaimnetwork.com\/es\/wp-json\/wp\/v2\/pages\/1197\/revisions"}],"predecessor-version":[{"id":1208,"href":"https:\/\/homeclaimnetwork.com\/es\/wp-json\/wp\/v2\/pages\/1197\/revisions\/1208"}],"wp:attachment":[{"href":"https:\/\/homeclaimnetwork.com\/es\/wp-json\/wp\/v2\/media?parent=1197"}],"curies":[{"name":"gracias","href":"https:\/\/api.w.org\/{rel}","templated":true}]}}