{"id":237,"date":"2020-11-01T21:24:04","date_gmt":"2020-11-01T21:24:04","guid":{"rendered":"https:\/\/jupiterx.artbees.net\/pets-control\/?page_id=69"},"modified":"2026-03-27T15:12:51","modified_gmt":"2026-03-27T20:12:51","slug":"services","status":"publish","type":"page","link":"https:\/\/homeclaimnetwork.com\/es\/services\/","title":{"rendered":"Servicios"},"content":{"rendered":"<div data-elementor-type=\"wp-page\" data-elementor-id=\"237\" class=\"elementor elementor-237\">\n\t\t\t\t\t\t<section class=\"elementor-section elementor-top-section elementor-element elementor-element-9f30073 elementor-section-full_width elementor-section-height-default elementor-section-height-default\" data-id=\"9f30073\" data-element_type=\"section\" data-e-type=\"section\">\n\t\t\t\t\t\t<div class=\"elementor-container elementor-column-gap-default\">\n\t\t\t\t\t<div class=\"elementor-column elementor-col-100 elementor-top-column elementor-element elementor-element-50befc8\" data-id=\"50befc8\" data-element_type=\"column\" data-e-type=\"column\">\n\t\t\t<div class=\"elementor-widget-wrap elementor-element-populated\">\n\t\t\t\t\t\t<div class=\"elementor-element elementor-element-cc6619b elementor-widget elementor-widget-video\" data-id=\"cc6619b\" data-element_type=\"widget\" data-e-type=\"widget\" data-settings=\"{&quot;youtube_url&quot;:&quot;https:\\\/\\\/youtu.be\\\/cMFqzQA-iK8?si=CClsrP9m_Le3p9Ka&quot;,&quot;video_type&quot;:&quot;youtube&quot;,&quot;controls&quot;:&quot;yes&quot;}\" data-widget_type=\"video.default\">\n\t\t\t\t<div class=\"elementor-widget-container\">\n\t\t\t\t\t\t\t<div class=\"elementor-wrapper elementor-open-inline\">\n\t\t\t<div class=\"elementor-video\"><\/div>\t\t<\/div>\n\t\t\t\t\t\t<\/div>\n\t\t\t\t<\/div>\n\t\t\t\t\t<\/div>\n\t\t<\/div>\n\t\t\t\t\t<\/div>\n\t\t<\/section>\n\t\t\t\t<section class=\"elementor-section elementor-top-section elementor-element elementor-element-d294db5 elementor-section-height-min-height elementor-section-boxed elementor-section-height-default elementor-section-items-middle\" data-id=\"d294db5\" data-element_type=\"section\" data-e-type=\"section\" data-settings=\"{&quot;background_background&quot;:&quot;classic&quot;}\">\n\t\t\t\t\t\t\t<div class=\"elementor-background-overlay\"><\/div>\n\t\t\t\t\t\t\t<div class=\"elementor-container elementor-column-gap-default\">\n\t\t\t\t\t<div class=\"elementor-column elementor-col-100 elementor-top-column elementor-element elementor-element-bb6f612\" data-id=\"bb6f612\" data-element_type=\"column\" data-e-type=\"column\">\n\t\t\t<div class=\"elementor-widget-wrap elementor-element-populated\">\n\t\t\t\t\t\t<div class=\"elementor-element elementor-element-ed84245 elementor-widget elementor-widget-text-editor\" data-id=\"ed84245\" data-element_type=\"widget\" data-e-type=\"widget\" data-widget_type=\"text-editor.default\">\n\t\t\t\t<div class=\"elementor-widget-container\">\n\t\t\t\t\t\t\t\t\t<p><span style=\"font-weight: 400;\">Intentar gestionar el proceso de reclamaci\u00f3n del seguro por cuenta propia ha demostrado ser una de las peores decisiones que un propietario puede tomar.\u00a0<\/span><\/p><p>\u00a0<\/p><p><span style=\"font-weight: 400;\">Que lo hayas hecho antes y hayas salido con vida no significa que hayas conseguido lo que te correspond\u00eda. Eso es precisamente lo que buscan estas empresas: que te conformes con lo m\u00ednimo, y esperan que lo hagas. \u00bfPor qu\u00e9? Porque antes de The Home Claim Network, eso era lo que la gente hac\u00eda. Pero no estamos en 1985; la revoluci\u00f3n por la igualdad y la justicia, incluso contra las empresas m\u00e1s corruptas y poderosas del pa\u00eds, ya ha comenzado. No te conformes, no esperes, no aceptes nada menos que la victoria absoluta. Tus defensores ya te est\u00e1n esperando. \u00bfCu\u00e1ndo nos enviar\u00e1s?<\/span><\/p>\t\t\t\t\t\t\t\t<\/div>\n\t\t\t\t<\/div>\n\t\t\t\t\t<\/div>\n\t\t<\/div>\n\t\t\t\t\t<\/div>\n\t\t<\/section>\n\t\t\t\t<section class=\"elementor-section elementor-top-section elementor-element elementor-element-55054d3 elementor-section-boxed elementor-section-height-default elementor-section-height-default\" data-id=\"55054d3\" data-element_type=\"section\" data-e-type=\"section\">\n\t\t\t\t\t\t<div class=\"elementor-container elementor-column-gap-default\">\n\t\t\t\t\t<div class=\"elementor-column elementor-col-100 elementor-top-column elementor-element elementor-element-c71c313\" data-id=\"c71c313\" data-element_type=\"column\" data-e-type=\"column\">\n\t\t\t<div class=\"elementor-widget-wrap elementor-element-populated\">\n\t\t\t\t\t\t<div class=\"elementor-element elementor-element-b1d2502 elementor-widget elementor-widget-heading\" data-id=\"b1d2502\" data-element_type=\"widget\" data-e-type=\"widget\" data-widget_type=\"heading.default\">\n\t\t\t\t<div class=\"elementor-widget-container\">\n\t\t\t\t\t<h2 class=\"elementor-heading-title elementor-size-default\">\u00a1PODEMOS AYUDAR!<\/h2>\t\t\t\t<\/div>\n\t\t\t\t<\/div>\n\t\t\t\t\t<\/div>\n\t\t<\/div>\n\t\t\t\t\t<\/div>\n\t\t<\/section>\n\t\t\t\t<section class=\"elementor-section elementor-top-section elementor-element elementor-element-14da49f elementor-section-boxed elementor-section-height-default elementor-section-height-default\" data-id=\"14da49f\" data-element_type=\"section\" data-e-type=\"section\">\n\t\t\t\t\t\t<div class=\"elementor-container elementor-column-gap-default\">\n\t\t\t\t\t<div class=\"elementor-column elementor-col-33 elementor-top-column elementor-element elementor-element-4b31ed5\" data-id=\"4b31ed5\" data-element_type=\"column\" data-e-type=\"column\" data-settings=\"{&quot;background_background&quot;:&quot;classic&quot;}\">\n\t\t\t<div class=\"elementor-widget-wrap elementor-element-populated\">\n\t\t\t\t\t\t<div class=\"elementor-element elementor-element-baee3b1 elementor-widget elementor-widget-heading\" data-id=\"baee3b1\" data-element_type=\"widget\" data-e-type=\"widget\" data-widget_type=\"heading.default\">\n\t\t\t\t<div class=\"elementor-widget-container\">\n\t\t\t\t\t<h2 class=\"elementor-heading-title elementor-size-default\">\u00bfYa has presentado un reclamo y te lo han negado?<\/h2>\t\t\t\t<\/div>\n\t\t\t\t<\/div>\n\t\t\t\t<div class=\"elementor-element elementor-element-beed133 elementor-widget elementor-widget-text-editor\" data-id=\"beed133\" data-element_type=\"widget\" data-e-type=\"widget\" data-widget_type=\"text-editor.default\">\n\t\t\t\t<div class=\"elementor-widget-container\">\n\t\t\t\t\t\t\t\t\t<p><span style=\"font-weight: 400;\">Home Claim Network es una empresa experta en convertir una DENEGACI\u00d3N en una APROBACI\u00d3N. Reunimos al equipo adecuado para que su reclamaci\u00f3n sea aprobada y tenemos una tasa de \u00e9xito de 98% en la tramitaci\u00f3n de reclamaciones.<\/span><\/p><p><b>Aplaudimos tu tenacidad y confianza. Lo intentaste por tu cuenta, no sab\u00edas c\u00f3mo hacerlo mejor, pero no pasa nada. Ahora est\u00e1s aqu\u00ed y sabes que es el momento de que nos des el relevo. Perm\u00edtenos convertir tu maldici\u00f3n en una bendici\u00f3n.<\/b><\/p>\t\t\t\t\t\t\t\t<\/div>\n\t\t\t\t<\/div>\n\t\t\t\t\t<\/div>\n\t\t<\/div>\n\t\t\t\t<div class=\"elementor-column elementor-col-33 elementor-top-column elementor-element elementor-element-c9b578e\" data-id=\"c9b578e\" data-element_type=\"column\" data-e-type=\"column\" data-settings=\"{&quot;background_background&quot;:&quot;classic&quot;}\">\n\t\t\t<div class=\"elementor-widget-wrap elementor-element-populated\">\n\t\t\t\t\t\t<div class=\"elementor-element elementor-element-c17fc1a elementor-widget elementor-widget-heading\" data-id=\"c17fc1a\" data-element_type=\"widget\" data-e-type=\"widget\" data-widget_type=\"heading.default\">\n\t\t\t\t<div class=\"elementor-widget-container\">\n\t\t\t\t\t<h2 class=\"elementor-heading-title elementor-size-default\">\u00bfLe han pagado menos de lo que merec\u00eda en un reclamo?\n<\/h2>\t\t\t\t<\/div>\n\t\t\t\t<\/div>\n\t\t\t\t<div class=\"elementor-element elementor-element-4063f24 elementor-widget elementor-widget-text-editor\" data-id=\"4063f24\" data-element_type=\"widget\" data-e-type=\"widget\" data-widget_type=\"text-editor.default\">\n\t\t\t\t<div class=\"elementor-widget-container\">\n\t\t\t\t\t\t\t\t\t<p><b>Home Claim Network ha estado trabajando incansablemente para educar a los consumidores sobre qu\u00e9 tipo de brecha est\u00e1n renunciando realmente. La diferencia en los fondos recibidos es casi tan grande que resulta dif\u00edcil de comprender. Cuando decimos que podemos conseguirle un aumento sustancial con respecto a lo que ofreci\u00f3 la compa\u00f1\u00eda de seguros, nos referimos a un aumento enorme, en promedio, superior a 700%. Entonces, la \u00faltima vez que present\u00f3 una reclamaci\u00f3n y recibi\u00f3 una indemnizaci\u00f3n, \u00bfqu\u00e9 habr\u00eda hecho por usted 700% m\u00e1s? Necesita su propio equipo de expertos. Contamos con tasadores e investigadores de da\u00f1os experimentados que elaborar\u00e1n una estimaci\u00f3n precisa que incluya TODOS los da\u00f1os. Luego, luchamos en su nombre con la compa\u00f1\u00eda de seguros para que la aprueben. Lamentamos que haya tenido que pasar por todo esto solo, pero hoy es el \u00faltimo d\u00eda que tiene que luchar por su cuenta; perm\u00edtanos conseguir la cantidad real que deber\u00eda haber recibido desde el principio.<\/b><\/p>\t\t\t\t\t\t\t\t<\/div>\n\t\t\t\t<\/div>\n\t\t\t\t\t<\/div>\n\t\t<\/div>\n\t\t\t\t<div class=\"elementor-column elementor-col-33 elementor-top-column elementor-element elementor-element-0bd151c\" data-id=\"0bd151c\" data-element_type=\"column\" data-e-type=\"column\" data-settings=\"{&quot;background_background&quot;:&quot;classic&quot;}\">\n\t\t\t<div class=\"elementor-widget-wrap elementor-element-populated\">\n\t\t\t\t\t\t<div class=\"elementor-element elementor-element-0052e51 elementor-widget elementor-widget-heading\" data-id=\"0052e51\" data-element_type=\"widget\" data-e-type=\"widget\" data-widget_type=\"heading.default\">\n\t\t\t\t<div class=\"elementor-widget-container\">\n\t\t\t\t\t<h2 class=\"elementor-heading-title elementor-size-default\">\u00bfQuieres presentar una reclamaci\u00f3n y no est\u00e1s seguro de c\u00f3mo proceder?\n<\/h2>\t\t\t\t<\/div>\n\t\t\t\t<\/div>\n\t\t\t\t<div class=\"elementor-element elementor-element-6208dd9 elementor-widget elementor-widget-text-editor\" data-id=\"6208dd9\" data-element_type=\"widget\" data-e-type=\"widget\" data-widget_type=\"text-editor.default\">\n\t\t\t\t<div class=\"elementor-widget-container\">\n\t\t\t\t\t\t\t\t\t<p><b>Despu\u00e9s de haber vivido algunos de los peores momentos de tu vida, \u00bfahora tienes que lidiar con las secuelas y pretender estar tan l\u00facido como siempre? No es una carga justa para nadie. Nuestro objetivo es aliviarte de esa carga. Recuerda, ya hemos pasado por lo mismo y sabemos lo confuso que puede ser presentar una reclamaci\u00f3n (a veces las aseguradoras no lo ponen f\u00e1cil). \u00a1Home Claim Network est\u00e1 aqu\u00ed para ayudarte!<\/b><\/p>\t\t\t\t\t\t\t\t<\/div>\n\t\t\t\t<\/div>\n\t\t\t\t\t<\/div>\n\t\t<\/div>\n\t\t\t\t\t<\/div>\n\t\t<\/section>\n\t\t\t\t<section class=\"elementor-section elementor-top-section elementor-element elementor-element-bb2e609 elementor-section-boxed elementor-section-height-default elementor-section-height-default\" data-id=\"bb2e609\" data-element_type=\"section\" data-e-type=\"section\">\n\t\t\t\t\t\t<div class=\"elementor-container elementor-column-gap-default\">\n\t\t\t\t\t<div class=\"elementor-column elementor-col-100 elementor-top-column elementor-element elementor-element-a8ba8e2\" data-id=\"a8ba8e2\" data-element_type=\"column\" data-e-type=\"column\">\n\t\t\t<div class=\"elementor-widget-wrap elementor-element-populated\">\n\t\t\t\t\t\t<div class=\"elementor-element elementor-element-36de02c elementor-align-center elementor-widget elementor-widget-button\" data-id=\"36de02c\" data-element_type=\"widget\" data-e-type=\"widget\" data-widget_type=\"button.default\">\n\t\t\t\t<div class=\"elementor-widget-container\">\n\t\t\t\t\t\t\t\t\t<div class=\"elementor-button-wrapper\">\n\t\t\t\t\t<a class=\"elementor-button elementor-button-link elementor-size-sm\" href=\"https:\/\/homeclaimnetwork.com\/contact\/\">\n\t\t\t\t\t\t<span class=\"elementor-button-content-wrapper\">\n\t\t\t\t\t\t\t\t\t<span class=\"elementor-button-text\">ESTOY EN PROBLEMAS, POR FAVOR AY\u00daDENME<\/span>\n\t\t\t\t\t<\/span>\n\t\t\t\t\t<\/a>\n\t\t\t\t<\/div>\n\t\t\t\t\t\t\t\t<\/div>\n\t\t\t\t<\/div>\n\t\t\t\t\t<\/div>\n\t\t<\/div>\n\t\t\t\t\t<\/div>\n\t\t<\/section>\n\t\t\t\t<section class=\"elementor-section elementor-top-section elementor-element elementor-element-565225b elementor-section-boxed elementor-section-height-default elementor-section-height-default\" data-id=\"565225b\" data-element_type=\"section\" data-e-type=\"section\" data-settings=\"{&quot;background_background&quot;:&quot;classic&quot;}\">\n\t\t\t\t\t\t\t<div class=\"elementor-background-overlay\"><\/div>\n\t\t\t\t\t\t\t<div class=\"elementor-container elementor-column-gap-no\">\n\t\t\t\t\t<div class=\"elementor-column elementor-col-33 elementor-top-column elementor-element elementor-element-6173e5e\" data-id=\"6173e5e\" data-element_type=\"column\" data-e-type=\"column\">\n\t\t\t<div class=\"elementor-widget-wrap elementor-element-populated\">\n\t\t\t\t\t\t<div class=\"elementor-element elementor-element-4068dce elementor-widget elementor-widget-heading\" data-id=\"4068dce\" data-element_type=\"widget\" data-e-type=\"widget\" data-widget_type=\"heading.default\">\n\t\t\t\t<div class=\"elementor-widget-container\">\n\t\t\t\t\t<h2 class=\"elementor-heading-title elementor-size-default\">\u00a1Podemos ayudar! <\/h2>\t\t\t\t<\/div>\n\t\t\t\t<\/div>\n\t\t\t\t\t<\/div>\n\t\t<\/div>\n\t\t\t\t<div class=\"elementor-column elementor-col-33 elementor-top-column elementor-element elementor-element-44fd4ac\" data-id=\"44fd4ac\" data-element_type=\"column\" data-e-type=\"column\">\n\t\t\t<div class=\"elementor-widget-wrap elementor-element-populated\">\n\t\t\t\t\t\t<div class=\"elementor-element elementor-element-741c46e elementor-position-inline-start elementor-view-default elementor-mobile-position-block-start elementor-widget elementor-widget-icon-box\" data-id=\"741c46e\" data-element_type=\"widget\" data-e-type=\"widget\" data-widget_type=\"icon-box.default\">\n\t\t\t\t<div class=\"elementor-widget-container\">\n\t\t\t\t\t\t\t<div class=\"elementor-icon-box-wrapper\">\n\n\t\t\t\t\t\t<div class=\"elementor-icon-box-icon\">\n\t\t\t\t<span  class=\"elementor-icon\">\n\t\t\t\t<svg aria-hidden=\"true\" class=\"e-font-icon-svg e-fas-phone-alt\" viewbox=\"0 0 512 512\" xmlns=\"http:\/\/www.w3.org\/2000\/svg\"><path d=\"M497.39 361.8l-112-48a24 24 0 0 0-28 6.9l-49.6 60.6A370.66 370.66 0 0 1 130.6 204.11l60.6-49.6a23.94 23.94 0 0 0 6.9-28l-48-112A24.16 24.16 0 0 0 122.6.61l-104 24A24 24 0 0 0 0 48c0 256.5 207.9 464 464 464a24 24 0 0 0 23.4-18.6l24-104a24.29 24.29 0 0 0-14.01-27.6z\"><\/path><\/svg>\t\t\t\t<\/span>\n\t\t\t<\/div>\n\t\t\t\n\t\t\t\t\t\t<div class=\"elementor-icon-box-content\">\n\n\t\t\t\t\t\t\t\t\t<h3 class=\"elementor-icon-box-title\">\n\t\t\t\t\t\t<span  >\n\t\t\t\t\t\t\tLlama ahora \t\t\t\t\t\t<\/span>\n\t\t\t\t\t<\/h3>\n\t\t\t\t\n\t\t\t\t\t\t\t\t\t<p class=\"elementor-icon-box-description\">\n\t\t\t\t\t\t888-857-4339\t\t\t\t\t<\/p>\n\t\t\t\t\n\t\t\t<\/div>\n\t\t\t\n\t\t<\/div>\n\t\t\t\t\t\t<\/div>\n\t\t\t\t<\/div>\n\t\t\t\t\t<\/div>\n\t\t<\/div>\n\t\t\t\t<div class=\"elementor-column elementor-col-33 elementor-top-column elementor-element elementor-element-72df3c8\" data-id=\"72df3c8\" data-element_type=\"column\" data-e-type=\"column\">\n\t\t\t<div class=\"elementor-widget-wrap elementor-element-populated\">\n\t\t\t\t\t\t<div class=\"elementor-element elementor-element-6f9eb0a elementor-widget elementor-widget-text-editor\" data-id=\"6f9eb0a\" data-element_type=\"widget\" data-e-type=\"widget\" data-widget_type=\"text-editor.default\">\n\t\t\t\t<div class=\"elementor-widget-container\">\n\t\t\t\t\t\t\t\t\t<p style=\"text-align: center;\">Ll\u00e1menos hoy y programe una reuni\u00f3n con uno de nuestros expertos que revisar\u00e1 su reclamo y le informar\u00e1 sus opciones.<\/p>\t\t\t\t\t\t\t\t<\/div>\n\t\t\t\t<\/div>\n\t\t\t\t\t<\/div>\n\t\t<\/div>\n\t\t\t\t\t<\/div>\n\t\t<\/section>\n\t\t\t\t<section class=\"elementor-section elementor-top-section elementor-element elementor-element-cbf74fd elementor-section-boxed elementor-section-height-default elementor-section-height-default\" data-id=\"cbf74fd\" data-element_type=\"section\" data-e-type=\"section\" data-settings=\"{&quot;background_background&quot;:&quot;classic&quot;}\">\n\t\t\t\t\t\t<div class=\"elementor-container elementor-column-gap-default\">\n\t\t\t\t\t<div class=\"elementor-column elementor-col-100 elementor-top-column elementor-element elementor-element-8b61a09\" data-id=\"8b61a09\" data-element_type=\"column\" data-e-type=\"column\">\n\t\t\t<div class=\"elementor-widget-wrap elementor-element-populated\">\n\t\t\t\t\t\t<div class=\"elementor-element elementor-element-49a02c1 elementor-widget elementor-widget-heading\" data-id=\"49a02c1\" data-element_type=\"widget\" data-e-type=\"widget\" data-widget_type=\"heading.default\">\n\t\t\t\t<div class=\"elementor-widget-container\">\n\t\t\t\t\t<h2 class=\"elementor-heading-title elementor-size-default\">Iniciar la conversaci\u00f3n <\/h2>\t\t\t\t<\/div>\n\t\t\t\t<\/div>\n\t\t\t\t\t<\/div>\n\t\t<\/div>\n\t\t\t\t\t<\/div>\n\t\t<\/section>\n\t\t\t\t<\/div>","protected":false},"excerpt":{"rendered":"<p>https:\/\/youtu.be\/cMFqzQA-iK8?si=CClsrP9m_Le3p9Ka Attempting to navigate through the insurance claims process alone has been proven to be one of the worst possible decisions a homeowner will ever make.\u00a0 \u00a0 Just because you did it before and made it out alive, doesn\u2019t mean you ever got anywhere near what you should have. That\u2019s exactly what these companies want, [&hellip;]<\/p>\n","protected":false},"author":1,"featured_media":0,"parent":0,"menu_order":0,"comment_status":"closed","ping_status":"closed","template":"","meta":{"_acf_changed":false,"footnotes":""},"class_list":["post-237","page","type-page","status-publish","hentry"],"acf":[],"_links":{"self":[{"href":"https:\/\/homeclaimnetwork.com\/es\/wp-json\/wp\/v2\/pages\/237","targetHints":{"allow":["GET"]}}],"collection":[{"href":"https:\/\/homeclaimnetwork.com\/es\/wp-json\/wp\/v2\/pages"}],"about":[{"href":"https:\/\/homeclaimnetwork.com\/es\/wp-json\/wp\/v2\/types\/page"}],"author":[{"embeddable":true,"href":"https:\/\/homeclaimnetwork.com\/es\/wp-json\/wp\/v2\/users\/1"}],"replies":[{"embeddable":true,"href":"https:\/\/homeclaimnetwork.com\/es\/wp-json\/wp\/v2\/comments?post=237"}],"version-history":[{"count":112,"href":"https:\/\/homeclaimnetwork.com\/es\/wp-json\/wp\/v2\/pages\/237\/revisions"}],"predecessor-version":[{"id":1595,"href":"https:\/\/homeclaimnetwork.com\/es\/wp-json\/wp\/v2\/pages\/237\/revisions\/1595"}],"wp:attachment":[{"href":"https:\/\/homeclaimnetwork.com\/es\/wp-json\/wp\/v2\/media?parent=237"}],"curies":[{"name":"gracias","href":"https:\/\/api.w.org\/{rel}","templated":true}]}}